{"id":682,"date":"2025-03-21T17:29:02","date_gmt":"2025-03-21T16:29:02","guid":{"rendered":"https:\/\/www.clarvie.com\/?page_id=682"},"modified":"2025-05-09T16:29:46","modified_gmt":"2025-05-09T14:29:46","slug":"mentions-legales","status":"publish","type":"page","link":"https:\/\/www.clarvie.com\/index.php\/mentions-legales\/","title":{"rendered":"Mentions l\u00e9gales"},"content":{"rendered":"\t\t<div data-elementor-type=\"wp-page\" data-elementor-id=\"682\" class=\"elementor elementor-682\">\n\t\t\t\t<div class=\"elementor-element elementor-element-73e5535 e-flex e-con-boxed wpr-particle-no wpr-jarallax-no wpr-parallax-no wpr-sticky-section-no wpr-equal-height-no e-con e-parent\" data-id=\"73e5535\" data-element_type=\"container\" data-e-type=\"container\">\n\t\t\t\t\t<div class=\"e-con-inner\">\n\t\t\t\t<div class=\"elementor-element elementor-element-05aeacd elementor-widget elementor-widget-heading\" data-id=\"05aeacd\" data-element_type=\"widget\" data-e-type=\"widget\" data-widget_type=\"heading.default\">\n\t\t\t\t<div class=\"elementor-widget-container\">\n\t\t\t\t\t<h1 class=\"elementor-heading-title elementor-size-default\">Mentions l\u00e9gales<\/h1>\t\t\t\t<\/div>\n\t\t\t\t<\/div>\n\t\t\t\t<div class=\"elementor-element elementor-element-949eb48 elementor-widget elementor-widget-text-editor\" data-id=\"949eb48\" data-element_type=\"widget\" data-e-type=\"widget\" data-widget_type=\"text-editor.default\">\n\t\t\t\t<div class=\"elementor-widget-container\">\n\t\t\t\t\t\t\t\t\t<h3>1. \u00c9diteur du site<\/h3>\n<p>Clarvie<br \/>EURL, entreprise unipersonnelle \u00e0 responsabilit\u00e9 limit\u00e9e<br \/>Capital social : 1 000,00 \u20ac<br \/>Si\u00e8ge social : 2, square des alli\u00e9s &#8211; 35650 LE RHEU<br \/>RCS : 984 742 940 &#8211; Rennes<br \/>Num\u00e9ro de TVA intracommunautaire : FR33984742940<br \/>E-mail : contact@clarvie.com<br \/>T\u00e9l\u00e9phone : <a href=\"https:\/\/www.google.com\/search?q=clarvie&amp;sca_esv=199f7bfbd02e2694&amp;sxsrf=AHTn8zrE83-HcCnRXJNPmmlI_FuB2y0K_Q%3A1742574330309&amp;ei=-pLdZ4rREtaqkdUPoZjEwQM&amp;ved=0ahUKEwiKts-fy5uMAxVWVaQEHSEMMTgQ4dUDCBA&amp;uact=5&amp;oq=clarvie&amp;gs_lp=Egxnd3Mtd2l6LXNlcnAiB2NsYXJ2aWUyBBAjGCcyChAjGIAEGCcYigUyBBAjGCcyChAAGIAEGLEDGAoyDRAAGIAEGLEDGIMBGAoyChAAGIAEGLEDGAoyChAAGIAEGLEDGAoyChAAGIAEGLEDGAoyChAAGIAEGLEDGAoyChAAGIAEGLEDGApIhgpQnQdYnQdwAngAkAEAmAGJAaABiQGqAQMwLjG4AQPIAQD4AQGYAgOgApcBwgILEAAYgAQYsAMYogTCAggQABiwAxjvBcICCxAAGLADGKIEGIkFmAMAiAYBkAYEkgcDMi4xoAfiCbIHAzAuMbgHkAE&amp;sclient=gws-wiz-serp#\" data-dtype=\"d3ph\" data-local-attribute=\"d3ph\" data-ved=\"2ahUKEwjBvrqhy5uMAxX7VqQEHacbBNYQkAgoAHoECEAQAw\"><span aria-label=\"Appeler le 06 62 84 11 77\">06 62 84 11 77<\/span><\/a><\/p>\n<h3>2. Directeur de la publication<\/h3>\n<p>Nom et pr\u00e9nom : Virginie Couvreur<br \/>Fonction : Dirigeante<br \/>E-mail : contact@clarvie.com<br \/>Coordonn\u00e9es identiques \u00e0 l\u2019\u00e9diteur.<\/p>\n<h3>3. H\u00e9bergeur du site<\/h3>\n<p>OVH SAS<br \/>Si\u00e8ge social : 2 rue Kellermann \u2013 59100 Roubaix \u2013 France<br \/>OVH SAS est une filiale de la soci\u00e9t\u00e9 OVH Groupe SA, <br \/>soci\u00e9t\u00e9 immatricul\u00e9e au RCS de Lille sous le num\u00e9ro 537 407 926 <br \/>sise 2, rue Kellermann, 59100 Roubaix.<\/p>\n<h3>4. Propri\u00e9t\u00e9 intellectuelle<\/h3>\n<p>L\u2019ensemble des \u00e9l\u00e9ments constituant le site (textes, images, graphismes, logos, vid\u00e9os, ic\u00f4nes, etc.) sont la propri\u00e9t\u00e9 exclusive de Clarvie ou de tiers l\u2019ayant autoris\u00e9 \u00e0 les utiliser, sauf mention contraire. Toute reproduction, distribution, modification ou adaptation sans autorisation pr\u00e9alable est interdite.<\/p>\n<h3>5. Donn\u00e9es personnelles<\/h3>\n<p>Les informations recueillies sur ce site font l\u2019objet d\u2019un traitement destin\u00e9 \u00e0 Clarvie. Vous disposez d\u2019un droit d\u2019acc\u00e8s, de rectification et de suppression de vos donn\u00e9es personnelles conform\u00e9ment au R\u00e8glement G\u00e9n\u00e9ral sur la Protection des Donn\u00e9es (RGPD). Pour exercer ces droits, contactez-nous \u00e0 contact@clarvie.com.<\/p>\n<h3>6. Responsabilit\u00e9<\/h3>\n<p>Clarvie s\u2019efforce de fournir des informations pr\u00e9cises et mises \u00e0 jour, mais ne saurait \u00eatre tenue responsable d\u2019\u00e9ventuelles erreurs ou omissions. L\u2019utilisation des informations se fait sous l\u2019enti\u00e8re responsabilit\u00e9 de l\u2019utilisateur.<\/p>\n<h3>7. Liens hypertextes<\/h3>\n<p>Le site peut contenir des liens vers d\u2019autres sites. Clarvie ne peut \u00eatre tenue responsable du contenu de ces sites tiers.<\/p>\n<h3>8. Droit applicable<\/h3>\n<p>Les pr\u00e9sentes mentions l\u00e9gales sont soumises au droit fran\u00e7ais. En cas de litige, les tribunaux comp\u00e9tents seront ceux de Rennes.<\/p>\n<h3 class=\"wp-block-heading\">9 &#8211; Responsable de traitement<\/h3>\n<p><!-- \/wp:heading --><!-- wp:paragraph --><\/p>\n<p>Soci\u00e9t\u00e9 CLARVIE<br \/>2 square des alli\u00e9es<br \/>35650 LE RHEU<\/p>\n<p>contact@clarvie.com<br \/>+ 33 6 62 84 11 77<\/p>\n<p><!-- \/wp:paragraph --><!-- wp:heading --><\/p>\n<h3 class=\"wp-block-heading\">10 &#8211; Collecte de donn\u00e9es personnelles<\/h3>\n<p><!-- \/wp:heading --><!-- wp:paragraph --><\/p>\n<p>Nom<br \/>Pr\u00e9nom<br \/>Adresse \u00e9lectronique<br \/>N\u00b0 de t\u00e9l\u00e9phone<\/p>\n<p><!-- \/wp:paragraph --><!-- wp:heading --><\/p>\n<h3 class=\"wp-block-heading\">11 &#8211; Formulaire et interactivit\u00e9<\/h3>\n<p><!-- \/wp:heading --><!-- wp:paragraph --><\/p>\n<p>Les donn\u00e9es personnelles sont collect\u00e9s par le biais le formulaire de demande de contact.<\/p>\n<p><!-- \/wp:paragraph --><!-- wp:heading --><\/p>\n<h3 class=\"wp-block-heading\">12-Utilisation et transmission de vos donn\u00e9es personnelles<\/h3>\n<p><!-- \/wp:heading --><!-- wp:paragraph --><\/p>\n<p>Nous utilisons les renseignements collect\u00e9s pour les finalit\u00e9s suivantes :<br \/>&#8211; Solliciter les internautes pour une d\u00e9marche commerciale<br \/>&#8211; R\u00e9pondre aux demandes d\u2019informations des internautes<\/p>\n<p><!-- \/wp:paragraph --><!-- wp:heading --><\/p>\n<p><!-- \/wp:paragraph --><!-- wp:heading --><\/p>\n<p><!-- \/wp:paragraph --><!-- wp:heading --><\/p>\n<h3 class=\"wp-block-heading\">13 &#8211; Cookies<\/h3>\n<p><!-- \/wp:heading --><!-- wp:paragraph --><\/p>\n<p>Ils servent \u00e0 \u00e9tablir des statistiques et comptages de fr\u00e9quentation et d\u2019utilisation de notre site et de nos services, nous permettant de r\u00e9aliser des \u00e9tudes pour en am\u00e9liorer le contenu.<\/p>\n<h3 class=\"wp-block-heading\">14 &#8211; Cr\u00e9dits<\/h3>\n<p><!-- \/wp:heading --><!-- wp:paragraph --><\/p>\n<p>Le site contient des illustrations cr\u00e9\u00e9es par l&rsquo;agence <a href=\"https:\/\/oeildupaon.com\" target=\"_blank\" rel=\"noopener\">L&rsquo;Oeil du Paon<\/a> (dont Freepik).<br \/>Cr\u00e9dits photographiques : Adobe Stock, Unsplash (Nikola Knezevic, Hannah Olinger), <a href=\"https:\/\/oxanaphotography.fr\/\" target=\"_blank\" rel=\"noopener\">Oxana Semenova<\/a> photographe.<\/p>\n<p><!-- \/wp:paragraph --><\/p>\t\t\t\t\t\t\t\t<\/div>\n\t\t\t\t<\/div>\n\t\t\t\t\t<\/div>\n\t\t\t\t<\/div>\n\t\t\t\t<\/div>\n\t\t","protected":false},"excerpt":{"rendered":"<p>Mentions l\u00e9gales 1. \u00c9diteur du site ClarvieEURL, entreprise unipersonnelle \u00e0 responsabilit\u00e9 limit\u00e9eCapital social : 1 000,00 \u20acSi\u00e8ge social : 2, square des alli\u00e9s &#8211; 35650 LE RHEURCS : 984 742 940 &#8211; RennesNum\u00e9ro de TVA intracommunautaire : FR33984742940E-mail : contact@clarvie.comT\u00e9l\u00e9phone : 06 62 84 11 77 2. Directeur de la publication Nom et pr\u00e9nom : Virginie CouvreurFonction : DirigeanteE-mail : contact@clarvie.comCoordonn\u00e9es identiques \u00e0 l\u2019\u00e9diteur. 3. H\u00e9bergeur du site OVH SASSi\u00e8ge social : 2 rue Kellermann \u2013 59100 Roubaix \u2013 FranceOVH SAS est une filiale de la soci\u00e9t\u00e9 OVH Groupe SA, soci\u00e9t\u00e9 immatricul\u00e9e au RCS de Lille sous le num\u00e9ro 537 407 926 sise 2, rue Kellermann, 59100 Roubaix. 4. Propri\u00e9t\u00e9 intellectuelle L\u2019ensemble des \u00e9l\u00e9ments constituant le site (textes, images, graphismes, logos, vid\u00e9os, ic\u00f4nes, etc.) sont la propri\u00e9t\u00e9 exclusive de Clarvie ou de tiers l\u2019ayant autoris\u00e9 \u00e0 les utiliser, sauf mention contraire. Toute reproduction, distribution, modification ou adaptation sans autorisation pr\u00e9alable est interdite. 5. Donn\u00e9es personnelles Les informations recueillies sur ce site font l\u2019objet d\u2019un traitement destin\u00e9 \u00e0 Clarvie. Vous disposez d\u2019un droit d\u2019acc\u00e8s, de rectification et de suppression de vos donn\u00e9es personnelles conform\u00e9ment au R\u00e8glement G\u00e9n\u00e9ral sur la Protection des Donn\u00e9es (RGPD). Pour exercer ces droits, contactez-nous \u00e0 contact@clarvie.com. 6. Responsabilit\u00e9 Clarvie s\u2019efforce de fournir des informations pr\u00e9cises et mises \u00e0 jour, mais ne saurait \u00eatre tenue responsable d\u2019\u00e9ventuelles erreurs ou omissions. L\u2019utilisation des informations se fait sous l\u2019enti\u00e8re responsabilit\u00e9 de l\u2019utilisateur. 7. Liens hypertextes Le site peut contenir des liens vers d\u2019autres sites. Clarvie ne peut \u00eatre tenue responsable du contenu de ces sites tiers. 8. Droit applicable Les pr\u00e9sentes mentions l\u00e9gales sont soumises au droit fran\u00e7ais. En cas de litige, les tribunaux comp\u00e9tents seront ceux de Rennes. 9 &#8211; Responsable de traitement Soci\u00e9t\u00e9 CLARVIE2 square des alli\u00e9es35650 LE RHEU contact@clarvie.com+ 33 6 62 84 11 77 10 &#8211; Collecte de donn\u00e9es personnelles NomPr\u00e9nomAdresse \u00e9lectroniqueN\u00b0 de t\u00e9l\u00e9phone 11 &#8211; Formulaire et interactivit\u00e9 Les donn\u00e9es personnelles sont collect\u00e9s par le biais le formulaire de demande de contact. 12-Utilisation et transmission de vos donn\u00e9es personnelles Nous utilisons les renseignements collect\u00e9s pour les finalit\u00e9s suivantes :&#8211; Solliciter les internautes pour une d\u00e9marche commerciale&#8211; R\u00e9pondre aux demandes d\u2019informations des internautes 13 &#8211; Cookies Ils servent \u00e0 \u00e9tablir des statistiques et comptages de fr\u00e9quentation et d\u2019utilisation de notre site et de nos services, nous permettant de r\u00e9aliser des \u00e9tudes pour en am\u00e9liorer le contenu. 14 &#8211; Cr\u00e9dits Le site contient des illustrations cr\u00e9\u00e9es par l&rsquo;agence L&rsquo;Oeil du Paon (dont Freepik).Cr\u00e9dits photographiques : Adobe Stock, Unsplash (Nikola Knezevic, Hannah Olinger), Oxana Semenova photographe.<\/p>\n","protected":false},"author":1,"featured_media":0,"parent":0,"menu_order":0,"comment_status":"closed","ping_status":"closed","template":"","meta":{"_kad_post_transparent":"","_kad_post_title":"hide","_kad_post_layout":"fullwidth","_kad_post_sidebar_id":"","_kad_post_content_style":"unboxed","_kad_post_vertical_padding":"hide","_kad_post_feature":"hide","_kad_post_feature_position":"","_kad_post_header":false,"_kad_post_footer":false,"footnotes":""},"class_list":["post-682","page","type-page","status-publish","hentry"],"yoast_head":"<!-- This site is optimized with the Yoast SEO plugin v27.4 - https:\/\/yoast.com\/product\/yoast-seo-wordpress\/ -->\n<title>Mentions l\u00e9gales - Clarvie, la fin de vie de coeur et d&#039;esprit<\/title>\n<meta name=\"robots\" content=\"noindex, follow\" \/>\n<meta property=\"og:locale\" content=\"fr_FR\" \/>\n<meta property=\"og:type\" content=\"article\" \/>\n<meta property=\"og:title\" content=\"Mentions l\u00e9gales - Clarvie, la fin de vie de coeur et d&#039;esprit\" \/>\n<meta property=\"og:description\" content=\"Mentions l\u00e9gales 1. \u00c9diteur du site ClarvieEURL, entreprise unipersonnelle \u00e0 responsabilit\u00e9 limit\u00e9eCapital social : 1 000,00 \u20acSi\u00e8ge social : 2, square des alli\u00e9s &#8211; 35650 LE RHEURCS : 984 742 940 &#8211; RennesNum\u00e9ro de TVA intracommunautaire : FR33984742940E-mail : contact@clarvie.comT\u00e9l\u00e9phone : 06 62 84 11 77 2. Directeur de la publication Nom et pr\u00e9nom : Virginie CouvreurFonction : DirigeanteE-mail : contact@clarvie.comCoordonn\u00e9es identiques \u00e0 l\u2019\u00e9diteur. 3. H\u00e9bergeur du site OVH SASSi\u00e8ge social : 2 rue Kellermann \u2013 59100 Roubaix \u2013 FranceOVH SAS est une filiale de la soci\u00e9t\u00e9 OVH Groupe SA, soci\u00e9t\u00e9 immatricul\u00e9e au RCS de Lille sous le num\u00e9ro 537 407 926 sise 2, rue Kellermann, 59100 Roubaix. 4. Propri\u00e9t\u00e9 intellectuelle L\u2019ensemble des \u00e9l\u00e9ments constituant le site (textes, images, graphismes, logos, vid\u00e9os, ic\u00f4nes, etc.) sont la propri\u00e9t\u00e9 exclusive de Clarvie ou de tiers l\u2019ayant autoris\u00e9 \u00e0 les utiliser, sauf mention contraire. Toute reproduction, distribution, modification ou adaptation sans autorisation pr\u00e9alable est interdite. 5. Donn\u00e9es personnelles Les informations recueillies sur ce site font l\u2019objet d\u2019un traitement destin\u00e9 \u00e0 Clarvie. Vous disposez d\u2019un droit d\u2019acc\u00e8s, de rectification et de suppression de vos donn\u00e9es personnelles conform\u00e9ment au R\u00e8glement G\u00e9n\u00e9ral sur la Protection des Donn\u00e9es (RGPD). Pour exercer ces droits, contactez-nous \u00e0 contact@clarvie.com. 6. Responsabilit\u00e9 Clarvie s\u2019efforce de fournir des informations pr\u00e9cises et mises \u00e0 jour, mais ne saurait \u00eatre tenue responsable d\u2019\u00e9ventuelles erreurs ou omissions. L\u2019utilisation des informations se fait sous l\u2019enti\u00e8re responsabilit\u00e9 de l\u2019utilisateur. 7. Liens hypertextes Le site peut contenir des liens vers d\u2019autres sites. Clarvie ne peut \u00eatre tenue responsable du contenu de ces sites tiers. 8. Droit applicable Les pr\u00e9sentes mentions l\u00e9gales sont soumises au droit fran\u00e7ais. En cas de litige, les tribunaux comp\u00e9tents seront ceux de Rennes. 9 &#8211; Responsable de traitement Soci\u00e9t\u00e9 CLARVIE2 square des alli\u00e9es35650 LE RHEU contact@clarvie.com+ 33 6 62 84 11 77 10 &#8211; Collecte de donn\u00e9es personnelles NomPr\u00e9nomAdresse \u00e9lectroniqueN\u00b0 de t\u00e9l\u00e9phone 11 &#8211; Formulaire et interactivit\u00e9 Les donn\u00e9es personnelles sont collect\u00e9s par le biais le formulaire de demande de contact. 12-Utilisation et transmission de vos donn\u00e9es personnelles Nous utilisons les renseignements collect\u00e9s pour les finalit\u00e9s suivantes :&#8211; Solliciter les internautes pour une d\u00e9marche commerciale&#8211; R\u00e9pondre aux demandes d\u2019informations des internautes 13 &#8211; Cookies Ils servent \u00e0 \u00e9tablir des statistiques et comptages de fr\u00e9quentation et d\u2019utilisation de notre site et de nos services, nous permettant de r\u00e9aliser des \u00e9tudes pour en am\u00e9liorer le contenu. 14 &#8211; Cr\u00e9dits Le site contient des illustrations cr\u00e9\u00e9es par l&rsquo;agence L&rsquo;Oeil du Paon (dont Freepik).Cr\u00e9dits photographiques : Adobe Stock, Unsplash (Nikola Knezevic, Hannah Olinger), Oxana Semenova photographe.\" \/>\n<meta property=\"og:url\" content=\"https:\/\/www.clarvie.com\/index.php\/mentions-legales\/\" \/>\n<meta property=\"og:site_name\" content=\"Clarvie, la fin de vie de coeur et d&#039;esprit\" \/>\n<meta property=\"article:modified_time\" content=\"2025-05-09T14:29:46+00:00\" \/>\n<meta name=\"twitter:card\" content=\"summary_large_image\" \/>\n<meta name=\"twitter:label1\" content=\"Dur\u00e9e de lecture estim\u00e9e\" \/>\n\t<meta name=\"twitter:data1\" content=\"3 minutes\" \/>\n<script type=\"application\/ld+json\" class=\"yoast-schema-graph\">{\"@context\":\"https:\\\/\\\/schema.org\",\"@graph\":[{\"@type\":\"WebPage\",\"@id\":\"https:\\\/\\\/www.clarvie.com\\\/index.php\\\/mentions-legales\\\/\",\"url\":\"https:\\\/\\\/www.clarvie.com\\\/index.php\\\/mentions-legales\\\/\",\"name\":\"Mentions l\u00e9gales - Clarvie, la fin de vie de coeur et d&#039;esprit\",\"isPartOf\":{\"@id\":\"https:\\\/\\\/www.clarvie.com\\\/#website\"},\"datePublished\":\"2025-03-21T16:29:02+00:00\",\"dateModified\":\"2025-05-09T14:29:46+00:00\",\"breadcrumb\":{\"@id\":\"https:\\\/\\\/www.clarvie.com\\\/index.php\\\/mentions-legales\\\/#breadcrumb\"},\"inLanguage\":\"fr-FR\",\"potentialAction\":[{\"@type\":\"ReadAction\",\"target\":[\"https:\\\/\\\/www.clarvie.com\\\/index.php\\\/mentions-legales\\\/\"]}]},{\"@type\":\"BreadcrumbList\",\"@id\":\"https:\\\/\\\/www.clarvie.com\\\/index.php\\\/mentions-legales\\\/#breadcrumb\",\"itemListElement\":[{\"@type\":\"ListItem\",\"position\":1,\"name\":\"Accueil\",\"item\":\"https:\\\/\\\/www.clarvie.com\\\/\"},{\"@type\":\"ListItem\",\"position\":2,\"name\":\"Mentions l\u00e9gales\"}]},{\"@type\":\"WebSite\",\"@id\":\"https:\\\/\\\/www.clarvie.com\\\/#website\",\"url\":\"https:\\\/\\\/www.clarvie.com\\\/\",\"name\":\"Clarvie, la fin de vie de coeur et d&#039;esprit\",\"description\":\"Un site d\u00e9velopp\u00e9 par L&#039;Oeil du Paon\",\"publisher\":{\"@id\":\"https:\\\/\\\/www.clarvie.com\\\/#organization\"},\"potentialAction\":[{\"@type\":\"SearchAction\",\"target\":{\"@type\":\"EntryPoint\",\"urlTemplate\":\"https:\\\/\\\/www.clarvie.com\\\/?s={search_term_string}\"},\"query-input\":{\"@type\":\"PropertyValueSpecification\",\"valueRequired\":true,\"valueName\":\"search_term_string\"}}],\"inLanguage\":\"fr-FR\"},{\"@type\":\"Organization\",\"@id\":\"https:\\\/\\\/www.clarvie.com\\\/#organization\",\"name\":\"Clarvie, la fin de vie de coeur et d&#039;esprit\",\"url\":\"https:\\\/\\\/www.clarvie.com\\\/\",\"logo\":{\"@type\":\"ImageObject\",\"inLanguage\":\"fr-FR\",\"@id\":\"https:\\\/\\\/www.clarvie.com\\\/#\\\/schema\\\/logo\\\/image\\\/\",\"url\":\"https:\\\/\\\/www.clarvie.com\\\/wp-content\\\/uploads\\\/2025\\\/02\\\/LOGO-CLARVIE.webp\",\"contentUrl\":\"https:\\\/\\\/www.clarvie.com\\\/wp-content\\\/uploads\\\/2025\\\/02\\\/LOGO-CLARVIE.webp\",\"width\":325,\"height\":360,\"caption\":\"Clarvie, la fin de vie de coeur et d&#039;esprit\"},\"image\":{\"@id\":\"https:\\\/\\\/www.clarvie.com\\\/#\\\/schema\\\/logo\\\/image\\\/\"}}]}<\/script>\n<!-- \/ Yoast SEO plugin. -->","yoast_head_json":{"title":"Mentions l\u00e9gales - Clarvie, la fin de vie de coeur et d&#039;esprit","robots":{"index":"noindex","follow":"follow"},"og_locale":"fr_FR","og_type":"article","og_title":"Mentions l\u00e9gales - Clarvie, la fin de vie de coeur et d&#039;esprit","og_description":"Mentions l\u00e9gales 1. \u00c9diteur du site ClarvieEURL, entreprise unipersonnelle \u00e0 responsabilit\u00e9 limit\u00e9eCapital social : 1 000,00 \u20acSi\u00e8ge social : 2, square des alli\u00e9s &#8211; 35650 LE RHEURCS : 984 742 940 &#8211; RennesNum\u00e9ro de TVA intracommunautaire : FR33984742940E-mail : contact@clarvie.comT\u00e9l\u00e9phone : 06 62 84 11 77 2. Directeur de la publication Nom et pr\u00e9nom : Virginie CouvreurFonction : DirigeanteE-mail : contact@clarvie.comCoordonn\u00e9es identiques \u00e0 l\u2019\u00e9diteur. 3. H\u00e9bergeur du site OVH SASSi\u00e8ge social : 2 rue Kellermann \u2013 59100 Roubaix \u2013 FranceOVH SAS est une filiale de la soci\u00e9t\u00e9 OVH Groupe SA, soci\u00e9t\u00e9 immatricul\u00e9e au RCS de Lille sous le num\u00e9ro 537 407 926 sise 2, rue Kellermann, 59100 Roubaix. 4. Propri\u00e9t\u00e9 intellectuelle L\u2019ensemble des \u00e9l\u00e9ments constituant le site (textes, images, graphismes, logos, vid\u00e9os, ic\u00f4nes, etc.) sont la propri\u00e9t\u00e9 exclusive de Clarvie ou de tiers l\u2019ayant autoris\u00e9 \u00e0 les utiliser, sauf mention contraire. Toute reproduction, distribution, modification ou adaptation sans autorisation pr\u00e9alable est interdite. 5. Donn\u00e9es personnelles Les informations recueillies sur ce site font l\u2019objet d\u2019un traitement destin\u00e9 \u00e0 Clarvie. Vous disposez d\u2019un droit d\u2019acc\u00e8s, de rectification et de suppression de vos donn\u00e9es personnelles conform\u00e9ment au R\u00e8glement G\u00e9n\u00e9ral sur la Protection des Donn\u00e9es (RGPD). Pour exercer ces droits, contactez-nous \u00e0 contact@clarvie.com. 6. Responsabilit\u00e9 Clarvie s\u2019efforce de fournir des informations pr\u00e9cises et mises \u00e0 jour, mais ne saurait \u00eatre tenue responsable d\u2019\u00e9ventuelles erreurs ou omissions. L\u2019utilisation des informations se fait sous l\u2019enti\u00e8re responsabilit\u00e9 de l\u2019utilisateur. 7. Liens hypertextes Le site peut contenir des liens vers d\u2019autres sites. Clarvie ne peut \u00eatre tenue responsable du contenu de ces sites tiers. 8. Droit applicable Les pr\u00e9sentes mentions l\u00e9gales sont soumises au droit fran\u00e7ais. En cas de litige, les tribunaux comp\u00e9tents seront ceux de Rennes. 9 &#8211; Responsable de traitement Soci\u00e9t\u00e9 CLARVIE2 square des alli\u00e9es35650 LE RHEU contact@clarvie.com+ 33 6 62 84 11 77 10 &#8211; Collecte de donn\u00e9es personnelles NomPr\u00e9nomAdresse \u00e9lectroniqueN\u00b0 de t\u00e9l\u00e9phone 11 &#8211; Formulaire et interactivit\u00e9 Les donn\u00e9es personnelles sont collect\u00e9s par le biais le formulaire de demande de contact. 12-Utilisation et transmission de vos donn\u00e9es personnelles Nous utilisons les renseignements collect\u00e9s pour les finalit\u00e9s suivantes :&#8211; Solliciter les internautes pour une d\u00e9marche commerciale&#8211; R\u00e9pondre aux demandes d\u2019informations des internautes 13 &#8211; Cookies Ils servent \u00e0 \u00e9tablir des statistiques et comptages de fr\u00e9quentation et d\u2019utilisation de notre site et de nos services, nous permettant de r\u00e9aliser des \u00e9tudes pour en am\u00e9liorer le contenu. 14 &#8211; Cr\u00e9dits Le site contient des illustrations cr\u00e9\u00e9es par l&rsquo;agence L&rsquo;Oeil du Paon (dont Freepik).Cr\u00e9dits photographiques : Adobe Stock, Unsplash (Nikola Knezevic, Hannah Olinger), Oxana Semenova photographe.","og_url":"https:\/\/www.clarvie.com\/index.php\/mentions-legales\/","og_site_name":"Clarvie, la fin de vie de coeur et d&#039;esprit","article_modified_time":"2025-05-09T14:29:46+00:00","twitter_card":"summary_large_image","twitter_misc":{"Dur\u00e9e de lecture estim\u00e9e":"3 minutes"},"schema":{"@context":"https:\/\/schema.org","@graph":[{"@type":"WebPage","@id":"https:\/\/www.clarvie.com\/index.php\/mentions-legales\/","url":"https:\/\/www.clarvie.com\/index.php\/mentions-legales\/","name":"Mentions l\u00e9gales - Clarvie, la fin de vie de coeur et d&#039;esprit","isPartOf":{"@id":"https:\/\/www.clarvie.com\/#website"},"datePublished":"2025-03-21T16:29:02+00:00","dateModified":"2025-05-09T14:29:46+00:00","breadcrumb":{"@id":"https:\/\/www.clarvie.com\/index.php\/mentions-legales\/#breadcrumb"},"inLanguage":"fr-FR","potentialAction":[{"@type":"ReadAction","target":["https:\/\/www.clarvie.com\/index.php\/mentions-legales\/"]}]},{"@type":"BreadcrumbList","@id":"https:\/\/www.clarvie.com\/index.php\/mentions-legales\/#breadcrumb","itemListElement":[{"@type":"ListItem","position":1,"name":"Accueil","item":"https:\/\/www.clarvie.com\/"},{"@type":"ListItem","position":2,"name":"Mentions l\u00e9gales"}]},{"@type":"WebSite","@id":"https:\/\/www.clarvie.com\/#website","url":"https:\/\/www.clarvie.com\/","name":"Clarvie, la fin de vie de coeur et d&#039;esprit","description":"Un site d\u00e9velopp\u00e9 par L&#039;Oeil du Paon","publisher":{"@id":"https:\/\/www.clarvie.com\/#organization"},"potentialAction":[{"@type":"SearchAction","target":{"@type":"EntryPoint","urlTemplate":"https:\/\/www.clarvie.com\/?s={search_term_string}"},"query-input":{"@type":"PropertyValueSpecification","valueRequired":true,"valueName":"search_term_string"}}],"inLanguage":"fr-FR"},{"@type":"Organization","@id":"https:\/\/www.clarvie.com\/#organization","name":"Clarvie, la fin de vie de coeur et d&#039;esprit","url":"https:\/\/www.clarvie.com\/","logo":{"@type":"ImageObject","inLanguage":"fr-FR","@id":"https:\/\/www.clarvie.com\/#\/schema\/logo\/image\/","url":"https:\/\/www.clarvie.com\/wp-content\/uploads\/2025\/02\/LOGO-CLARVIE.webp","contentUrl":"https:\/\/www.clarvie.com\/wp-content\/uploads\/2025\/02\/LOGO-CLARVIE.webp","width":325,"height":360,"caption":"Clarvie, la fin de vie de coeur et d&#039;esprit"},"image":{"@id":"https:\/\/www.clarvie.com\/#\/schema\/logo\/image\/"}}]}},"_links":{"self":[{"href":"https:\/\/www.clarvie.com\/index.php\/wp-json\/wp\/v2\/pages\/682","targetHints":{"allow":["GET"]}}],"collection":[{"href":"https:\/\/www.clarvie.com\/index.php\/wp-json\/wp\/v2\/pages"}],"about":[{"href":"https:\/\/www.clarvie.com\/index.php\/wp-json\/wp\/v2\/types\/page"}],"author":[{"embeddable":true,"href":"https:\/\/www.clarvie.com\/index.php\/wp-json\/wp\/v2\/users\/1"}],"replies":[{"embeddable":true,"href":"https:\/\/www.clarvie.com\/index.php\/wp-json\/wp\/v2\/comments?post=682"}],"version-history":[{"count":11,"href":"https:\/\/www.clarvie.com\/index.php\/wp-json\/wp\/v2\/pages\/682\/revisions"}],"predecessor-version":[{"id":945,"href":"https:\/\/www.clarvie.com\/index.php\/wp-json\/wp\/v2\/pages\/682\/revisions\/945"}],"wp:attachment":[{"href":"https:\/\/www.clarvie.com\/index.php\/wp-json\/wp\/v2\/media?parent=682"}],"curies":[{"name":"wp","href":"https:\/\/api.w.org\/{rel}","templated":true}]}}